{"id":141,"date":"2024-01-20T10:21:14","date_gmt":"2024-01-20T09:21:14","guid":{"rendered":"https:\/\/afarconstruction.com\/?page_id=141"},"modified":"2026-01-30T17:27:36","modified_gmt":"2026-01-30T16:27:36","slug":"__trashed","status":"publish","type":"page","link":"https:\/\/afarconstruction.com\/index.php\/__trashed\/","title":{"rendered":"Pourquoi choisir AFAR construction ?"},"content":{"rendered":"\n<p>AFAR Construction, dirig\u00e9e par Arsen Gjeta, est une entreprise artisanale bas\u00e9e \u00e0 B\u00e8gles, au sud de Bordeaux. Depuis plus de six ans, nous intervenons aupr\u00e8s des particuliers et des professionnels sur Bordeaux M\u00e9tropole et dans toute la Gironde, y compris Lacanau et le Bassin d\u2019Arcachon.<\/p>\n\n\n\n<p>Nous r\u00e9alisons des projets de charpente, menuiserie, ma\u00e7onnerie et petits travaux, qu\u2019il s\u2019agisse de r\u00e9novations, de cr\u00e9ations ou d\u2019am\u00e9nagements ext\u00e9rieurs. Chaque chantier est trait\u00e9 avec la m\u00eame attention, qu\u2019il s\u2019agisse d\u2019un projet cons\u00e9quent ou d\u2019un petit chantier ponctuel. Notre priorit\u00e9 : des r\u00e9sultats fiables, durables et adapt\u00e9s \u00e0 vos besoins.<\/p>\n\n\n\n<h2 class=\"wp-block-heading\">Notre savoir-faire artisanal<\/h2>\n\n\n\n<p>Chez AFAR Construction, nous combinons l\u2019expertise artisanale traditionnelle avec des techniques modernes, pour garantir des ouvrages solides et esth\u00e9tiques. Nous sommes fiers de notre polyvalence et de notre capacit\u00e9 \u00e0 r\u00e9pondre \u00e0 des projets tr\u00e8s vari\u00e9s. Chaque prestation est r\u00e9alis\u00e9e avec des mat\u00e9riaux de qualit\u00e9, s\u00e9lectionn\u00e9s pour leur durabilit\u00e9 et adapt\u00e9s \u00e0 votre budget.<\/p>\n\n\n\n<div style=\"height:50px\" aria-hidden=\"true\" class=\"wp-block-spacer\"><\/div>\n\n\n\n<div class=\"wp-block-cover alignfull has-black-color has-text-color has-link-color wp-elements-22a283b97292a4d08a93c559156ecfe2\"><span aria-hidden=\"true\" class=\"wp-block-cover__background has-background-dim-100 has-background-dim\" style=\"background-color:#4071a4\"><\/span><div class=\"wp-block-cover__inner-container is-layout-flow wp-block-cover-is-layout-flow\">\n<div class=\"wp-block-group is-content-justification-left\" style=\"border-radius:5px\"><div class=\"wp-block-group__inner-container is-layout-constrained wp-container-core-group-is-layout-b4f252f3 wp-block-group-is-layout-constrained\">\n<p class=\"has-text-align-center\"><\/p>\n<\/div><\/div>\n\n\n\n<div class=\"wp-block-group is-content-justification-center is-nowrap is-layout-flex wp-container-core-group-is-layout-94bc23d7 wp-block-group-is-layout-flex\">\n<div class=\"wp-block-group is-vertical is-layout-flex wp-container-core-group-is-layout-8cf370e7 wp-block-group-is-layout-flex\">\n<div class=\"wp-block-media-text is-stacked-on-mobile is-vertically-aligned-center is-image-fill-element card-shadow has-white-background-color has-background\" style=\"grid-template-columns:40% auto\"><figure class=\"wp-block-media-text__media\"><img loading=\"lazy\" decoding=\"async\" width=\"768\" height=\"1024\" src=\"http:\/\/afarconstruction.com\/wp-content\/uploads\/2024\/01\/WhatsApp-Image-2024-01-18-at-00.02.30-1-768x1024.jpeg\" alt=\"\" class=\"wp-image-144 size-full\" style=\"object-position:50% 50%\" srcset=\"https:\/\/afarconstruction.com\/wp-content\/uploads\/2024\/01\/WhatsApp-Image-2024-01-18-at-00.02.30-1-768x1024.jpeg 768w, https:\/\/afarconstruction.com\/wp-content\/uploads\/2024\/01\/WhatsApp-Image-2024-01-18-at-00.02.30-1-225x300.jpeg 225w, https:\/\/afarconstruction.com\/wp-content\/uploads\/2024\/01\/WhatsApp-Image-2024-01-18-at-00.02.30-1-1152x1536.jpeg 1152w, https:\/\/afarconstruction.com\/wp-content\/uploads\/2024\/01\/WhatsApp-Image-2024-01-18-at-00.02.30-1.jpeg 1530w\" sizes=\"auto, (max-width: 768px) 100vw, 768px\" \/><\/figure><div class=\"wp-block-media-text__content\">\n<h3 class=\"wp-block-heading has-medium-font-size\"><strong>Charpente et toiture<\/strong><\/h3>\n\n\n\n<p style=\"font-size:14px\">Cr\u00e9ation, r\u00e9novation, sur\u00e9l\u00e9vation ou extension bois, pose de terrasse trop\u00e9zienne, modification de charpente.<\/p>\n<\/div><\/div>\n\n\n\n<div class=\"wp-block-media-text is-stacked-on-mobile is-vertically-aligned-center is-image-fill-element has-white-background-color has-background\" style=\"grid-template-columns:40% auto\"><figure class=\"wp-block-media-text__media\"><img loading=\"lazy\" decoding=\"async\" width=\"275\" height=\"183\" src=\"http:\/\/afarconstruction.com\/wp-content\/uploads\/2024\/01\/exemple-photo.jpeg\" alt=\"\" class=\"wp-image-8 size-full\" style=\"object-position:50% 50%\"\/><\/figure><div class=\"wp-block-media-text__content\">\n<h3 class=\"wp-block-heading has-medium-font-size\"><strong>Ma\u00e7onnerie<\/strong><\/h3>\n\n\n\n<p style=\"font-size:14px\">Agrandissements en brique, garages, terrasses semi ferm\u00e9es, chapes b\u00e9ton, murs, cl\u00f4tures et petits travaux de ma\u00e7onnerie.<\/p>\n<\/div><\/div>\n\n\n\n<div style=\"height:0px\" aria-hidden=\"true\" class=\"wp-block-spacer wp-container-content-728072c3\"><\/div>\n<\/div>\n\n\n\n<div class=\"wp-block-group is-vertical is-layout-flex wp-container-core-group-is-layout-8cf370e7 wp-block-group-is-layout-flex\">\n<div class=\"wp-block-media-text is-stacked-on-mobile is-vertically-aligned-center is-image-fill-element has-white-background-color has-background\" style=\"grid-template-columns:40% auto\"><figure class=\"wp-block-media-text__media\"><img loading=\"lazy\" decoding=\"async\" width=\"1024\" height=\"768\" src=\"http:\/\/afarconstruction.com\/wp-content\/uploads\/2024\/01\/WhatsApp-Image-2024-01-18-at-00.02.37-1024x768.jpeg\" alt=\"\" class=\"wp-image-145 size-full\" style=\"object-position:50% 50%\" srcset=\"https:\/\/afarconstruction.com\/wp-content\/uploads\/2024\/01\/WhatsApp-Image-2024-01-18-at-00.02.37-1024x768.jpeg 1024w, https:\/\/afarconstruction.com\/wp-content\/uploads\/2024\/01\/WhatsApp-Image-2024-01-18-at-00.02.37-300x225.jpeg 300w, https:\/\/afarconstruction.com\/wp-content\/uploads\/2024\/01\/WhatsApp-Image-2024-01-18-at-00.02.37-768x576.jpeg 768w, https:\/\/afarconstruction.com\/wp-content\/uploads\/2024\/01\/WhatsApp-Image-2024-01-18-at-00.02.37-1536x1152.jpeg 1536w, https:\/\/afarconstruction.com\/wp-content\/uploads\/2024\/01\/WhatsApp-Image-2024-01-18-at-00.02.37.jpeg 2040w\" sizes=\"auto, (max-width: 1024px) 100vw, 1024px\" \/><\/figure><div class=\"wp-block-media-text__content\">\n<h3 class=\"wp-block-heading has-medium-font-size\"><strong>Menuiserie<\/strong><\/h3>\n\n\n\n<p style=\"font-size:14px\">Bardage bois, terrasses sur plot ou dalle b\u00e9ton, pose de fen\u00eatres, portes et baies vitr\u00e9es, ainsi que des am\u00e9nagements int\u00e9rieurs sur mesure (cuisine, parquet, placards, dressing).<\/p>\n<\/div><\/div>\n\n\n\n<div class=\"wp-block-media-text is-stacked-on-mobile is-vertically-aligned-center is-image-fill-element has-white-background-color has-background\" style=\"grid-template-columns:40% auto\"><figure class=\"wp-block-media-text__media\"><img loading=\"lazy\" decoding=\"async\" width=\"1024\" height=\"768\" src=\"http:\/\/afarconstruction.com\/wp-content\/uploads\/2024\/01\/WhatsApp-Image-2024-01-18-at-00.27.57-1024x768.jpeg\" alt=\"\" class=\"wp-image-36 size-full\" style=\"object-position:50% 50%\" srcset=\"https:\/\/afarconstruction.com\/wp-content\/uploads\/2024\/01\/WhatsApp-Image-2024-01-18-at-00.27.57-1024x768.jpeg 1024w, https:\/\/afarconstruction.com\/wp-content\/uploads\/2024\/01\/WhatsApp-Image-2024-01-18-at-00.27.57-300x225.jpeg 300w, https:\/\/afarconstruction.com\/wp-content\/uploads\/2024\/01\/WhatsApp-Image-2024-01-18-at-00.27.57-768x576.jpeg 768w, https:\/\/afarconstruction.com\/wp-content\/uploads\/2024\/01\/WhatsApp-Image-2024-01-18-at-00.27.57-1536x1152.jpeg 1536w, https:\/\/afarconstruction.com\/wp-content\/uploads\/2024\/01\/WhatsApp-Image-2024-01-18-at-00.27.57.jpeg 2040w\" sizes=\"auto, (max-width: 1024px) 100vw, 1024px\" \/><\/figure><div class=\"wp-block-media-text__content\">\n<h3 class=\"wp-block-heading has-medium-font-size\"><strong>Petits travaux et interventions ponctuelles<\/strong><\/h3>\n\n\n\n<p style=\"font-size:14px\">Nous savons qu\u2019il existe de nombreux projets \u201ccourants\u201d ou urgents qui ne n\u00e9cessitent pas un gros chantier, et nous y r\u00e9pondons avec la m\u00eame rigueur.<\/p>\n<\/div><\/div>\n<\/div>\n<\/div>\n<\/div><\/div>\n\n\n\n<div style=\"height:46px\" aria-hidden=\"true\" class=\"wp-block-spacer\"><\/div>\n\n\n\n<h2 class=\"wp-block-heading\">Nos valeurs<\/h2>\n\n\n\n<div class=\"wp-block-columns is-layout-flex wp-container-core-columns-is-layout-9d6595d7 wp-block-columns-is-layout-flex\">\n<div class=\"wp-block-column is-layout-flow wp-block-column-is-layout-flow\"><div class=\"wp-block-image\">\n<figure class=\"aligncenter size-full is-resized\"><img loading=\"lazy\" decoding=\"async\" width=\"512\" height=\"512\" src=\"https:\/\/afarconstruction.com\/wp-content\/uploads\/2026\/01\/speech-bubble_15190888.png\" alt=\"\" class=\"wp-image-220\" style=\"width:61px;height:auto\" srcset=\"https:\/\/afarconstruction.com\/wp-content\/uploads\/2026\/01\/speech-bubble_15190888.png 512w, https:\/\/afarconstruction.com\/wp-content\/uploads\/2026\/01\/speech-bubble_15190888-300x300.png 300w, https:\/\/afarconstruction.com\/wp-content\/uploads\/2026\/01\/speech-bubble_15190888-150x150.png 150w\" sizes=\"auto, (max-width: 512px) 100vw, 512px\" \/><\/figure>\n<\/div>\n\n\n<h3 class=\"wp-block-heading has-text-align-center\">\u00c9coute et proximit\u00e9<\/h3>\n\n\n\n<p class=\"has-text-align-center\">Nous privil\u00e9gions un <strong>contact direct avec nos clients<\/strong>. Chaque projet est unique et nous prenons le temps de comprendre vos besoins, vos contraintes et vos envies. En tant qu\u2019artisan, je reste votre interlocuteur principal sur le chantier pour que tout se d\u00e9roule de mani\u00e8re simple et transparente.<\/p>\n<\/div>\n\n\n\n<div class=\"wp-block-column is-layout-flow wp-block-column-is-layout-flow\"><div class=\"wp-block-image\">\n<figure class=\"aligncenter size-full is-resized\"><img loading=\"lazy\" decoding=\"async\" width=\"512\" height=\"512\" src=\"https:\/\/afarconstruction.com\/wp-content\/uploads\/2026\/01\/chat_7510755.png\" alt=\"\" class=\"wp-image-221\" style=\"width:59px;height:auto\" srcset=\"https:\/\/afarconstruction.com\/wp-content\/uploads\/2026\/01\/chat_7510755.png 512w, https:\/\/afarconstruction.com\/wp-content\/uploads\/2026\/01\/chat_7510755-300x300.png 300w, https:\/\/afarconstruction.com\/wp-content\/uploads\/2026\/01\/chat_7510755-150x150.png 150w\" sizes=\"auto, (max-width: 512px) 100vw, 512px\" \/><\/figure>\n<\/div>\n\n\n<h3 class=\"wp-block-heading has-text-align-center\">Qualit\u00e9 et durabilit\u00e9<\/h3>\n\n\n\n<p class=\"has-text-align-center\">Chaque r\u00e9alisation doit durer. Nous veillons \u00e0 ce que chaque d\u00e9tail compte, depuis le choix des mat\u00e9riaux jusqu\u2019aux finitions. Que ce soit pour la construction d\u2019une charpente, la pose d\u2019un bardage, la r\u00e9novation d\u2019une toiture ou un petit chantier ponctuel, nous appliquons le m\u00eame soin pour garantir votre satisfaction.<\/p>\n<\/div>\n\n\n\n<div class=\"wp-block-column is-layout-flow wp-block-column-is-layout-flow\"><div class=\"wp-block-image\">\n<figure class=\"aligncenter size-full is-resized\"><img loading=\"lazy\" decoding=\"async\" width=\"512\" height=\"512\" src=\"https:\/\/afarconstruction.com\/wp-content\/uploads\/2026\/01\/6329090.png\" alt=\"\" class=\"wp-image-222\" style=\"width:58px;height:auto\" srcset=\"https:\/\/afarconstruction.com\/wp-content\/uploads\/2026\/01\/6329090.png 512w, https:\/\/afarconstruction.com\/wp-content\/uploads\/2026\/01\/6329090-300x300.png 300w, https:\/\/afarconstruction.com\/wp-content\/uploads\/2026\/01\/6329090-150x150.png 150w\" sizes=\"auto, (max-width: 512px) 100vw, 512px\" \/><\/figure>\n<\/div>\n\n\n<h3 class=\"wp-block-heading has-text-align-center\">Respect des d\u00e9lais <\/h3>\n\n\n\n<p class=\"has-text-align-center\">Nous comprenons l\u2019importance du temps dans vos projets. M\u00eame sur de petits travaux, nous respectons les d\u00e9lais convenus et nous organisons pour que votre chantier avance de mani\u00e8re fluide. En cas d\u2019impr\u00e9vus li\u00e9s \u00e0 d\u2019autres intervenants, nous coordonnons pour minimiser l\u2019impact et tenir nos engagements.<\/p>\n<\/div>\n<\/div>\n\n\n\n<h2 class=\"wp-block-heading\">Pourquoi nous faire confiance<\/h2>\n\n\n\n<ul class=\"wp-block-list\">\n<li><strong>Artisan local \u00e0 B\u00e8gles<\/strong> : proximit\u00e9, r\u00e9activit\u00e9 et connaissance du b\u00e2ti local.<\/li>\n\n\n\n<li><strong>Polyvalence et exp\u00e9rience<\/strong> : charpente, menuiserie, ma\u00e7onnerie et petits travaux.<\/li>\n\n\n\n<li><strong>Intervention sur toute la Gironde<\/strong> : Bordeaux, Lacanau, Bassin d\u2019Arcachon et alentours.<\/li>\n\n\n\n<li><strong>Projets sur mesure et petits chantiers<\/strong> : nous acceptons les interventions ponctuelles et les travaux de petite taille, souvent refus\u00e9s par d\u2019autres entreprises.<\/li>\n\n\n\n<li><strong>Assurance d\u00e9cennale<\/strong> : tous nos travaux sont couverts, pour vous prot\u00e9ger et vous rassurer.<\/li>\n<\/ul>\n\n\n\n<p>Que vous ayez un grand projet de r\u00e9novation, une extension, ou simplement un petit chantier \u00e0 B\u00e8gles ou dans les environs, contactez AFAR Construction \u2013 Arsen Gjeta. Nous \u00e9tudierons votre projet, vous conseillerons et \u00e9tablirons un devis personnalis\u00e9 pour r\u00e9pondre exactement \u00e0 vos besoins.<\/p>\n\n\n\n<div class=\"wp-block-buttons is-content-justification-right is-layout-flex wp-container-core-buttons-is-layout-765c4724 wp-block-buttons-is-layout-flex\">\n<div class=\"wp-block-button\"><a class=\"wp-block-button__link wp-element-button\" href=\"https:\/\/afarconstruction.com\/index.php\/contact\/\">Contactez-nous<\/a><\/div>\n<\/div>\n\n\n\n<figure class=\"wp-block-image alignwide size-large\"><img loading=\"lazy\" decoding=\"async\" width=\"1024\" height=\"768\" src=\"http:\/\/afarconstruction.com\/wp-content\/uploads\/2024\/01\/WhatsApp-Image-2024-01-18-at-00.02.37-1024x768.jpeg\" alt=\"\" class=\"wp-image-145\" srcset=\"https:\/\/afarconstruction.com\/wp-content\/uploads\/2024\/01\/WhatsApp-Image-2024-01-18-at-00.02.37-1024x768.jpeg 1024w, https:\/\/afarconstruction.com\/wp-content\/uploads\/2024\/01\/WhatsApp-Image-2024-01-18-at-00.02.37-300x225.jpeg 300w, https:\/\/afarconstruction.com\/wp-content\/uploads\/2024\/01\/WhatsApp-Image-2024-01-18-at-00.02.37-768x576.jpeg 768w, https:\/\/afarconstruction.com\/wp-content\/uploads\/2024\/01\/WhatsApp-Image-2024-01-18-at-00.02.37-1536x1152.jpeg 1536w, https:\/\/afarconstruction.com\/wp-content\/uploads\/2024\/01\/WhatsApp-Image-2024-01-18-at-00.02.37.jpeg 2040w\" sizes=\"auto, (max-width: 1024px) 100vw, 1024px\" \/><\/figure>\n\n\n\n<blockquote class=\"wp-block-quote is-layout-flow wp-block-quote-is-layout-flow\">\n<p><\/p>\n<\/blockquote>\n","protected":false},"excerpt":{"rendered":"<p>AFAR Construction, dirig\u00e9e par Arsen Gjeta, est une entreprise artisanale bas\u00e9e \u00e0 B\u00e8gles, au sud de Bordeaux. Depuis plus de six ans, nous intervenons aupr\u00e8s des particuliers et des professionnels sur Bordeaux M\u00e9tropole et dans toute la Gironde, y compris Lacanau et le Bassin d\u2019Arcachon. Nous r\u00e9alisons des projets de [&hellip;]<\/p>\n","protected":false},"author":1,"featured_media":0,"parent":0,"menu_order":3,"comment_status":"closed","ping_status":"closed","template":"page-templates\/template-page-sidebar.php","meta":{"footnotes":""},"class_list":["post-141","page","type-page","status-publish","hentry"],"yoast_head":"<!-- This site is optimized with the Yoast SEO plugin v27.4 - https:\/\/yoast.com\/product\/yoast-seo-wordpress\/ -->\n<title>Pourquoi choisir AFAR construction ? - AFAR construction<\/title>\n<meta name=\"robots\" content=\"index, follow, max-snippet:-1, max-image-preview:large, max-video-preview:-1\" \/>\n<link rel=\"canonical\" href=\"https:\/\/afarconstruction.com\/index.php\/__trashed\/\" \/>\n<meta property=\"og:locale\" content=\"fr_FR\" \/>\n<meta property=\"og:type\" content=\"article\" \/>\n<meta property=\"og:title\" content=\"Pourquoi choisir AFAR construction ? - AFAR construction\" \/>\n<meta property=\"og:description\" content=\"AFAR Construction, dirig\u00e9e par Arsen Gjeta, est une entreprise artisanale bas\u00e9e \u00e0 B\u00e8gles, au sud de Bordeaux. Depuis plus de six ans, nous intervenons aupr\u00e8s des particuliers et des professionnels sur Bordeaux M\u00e9tropole et dans toute la Gironde, y compris Lacanau et le Bassin d\u2019Arcachon. Nous r\u00e9alisons des projets de [&hellip;]\" \/>\n<meta property=\"og:url\" content=\"https:\/\/afarconstruction.com\/index.php\/__trashed\/\" \/>\n<meta property=\"og:site_name\" content=\"AFAR construction\" \/>\n<meta property=\"article:modified_time\" content=\"2026-01-30T16:27:36+00:00\" \/>\n<meta property=\"og:image\" content=\"https:\/\/afarconstruction.com\/wp-content\/uploads\/2024\/01\/WhatsApp-Image-2024-01-18-at-00.02.30-1.jpeg\" \/>\n\t<meta property=\"og:image:width\" content=\"1530\" \/>\n\t<meta property=\"og:image:height\" content=\"2040\" \/>\n\t<meta property=\"og:image:type\" content=\"image\/jpeg\" \/>\n<meta name=\"twitter:card\" content=\"summary_large_image\" \/>\n<meta name=\"twitter:label1\" content=\"Dur\u00e9e de lecture estim\u00e9e\" \/>\n\t<meta name=\"twitter:data1\" content=\"5 minutes\" \/>\n<script type=\"application\/ld+json\" class=\"yoast-schema-graph\">{\"@context\":\"https:\\\/\\\/schema.org\",\"@graph\":[{\"@type\":\"WebPage\",\"@id\":\"https:\\\/\\\/afarconstruction.com\\\/index.php\\\/__trashed\\\/\",\"url\":\"https:\\\/\\\/afarconstruction.com\\\/index.php\\\/__trashed\\\/\",\"name\":\"Pourquoi choisir AFAR construction ? - AFAR construction\",\"isPartOf\":{\"@id\":\"https:\\\/\\\/afarconstruction.com\\\/#website\"},\"primaryImageOfPage\":{\"@id\":\"https:\\\/\\\/afarconstruction.com\\\/index.php\\\/__trashed\\\/#primaryimage\"},\"image\":{\"@id\":\"https:\\\/\\\/afarconstruction.com\\\/index.php\\\/__trashed\\\/#primaryimage\"},\"thumbnailUrl\":\"http:\\\/\\\/afarconstruction.com\\\/wp-content\\\/uploads\\\/2024\\\/01\\\/WhatsApp-Image-2024-01-18-at-00.02.30-1-768x1024.jpeg\",\"datePublished\":\"2024-01-20T09:21:14+00:00\",\"dateModified\":\"2026-01-30T16:27:36+00:00\",\"breadcrumb\":{\"@id\":\"https:\\\/\\\/afarconstruction.com\\\/index.php\\\/__trashed\\\/#breadcrumb\"},\"inLanguage\":\"fr-FR\",\"potentialAction\":[{\"@type\":\"ReadAction\",\"target\":[\"https:\\\/\\\/afarconstruction.com\\\/index.php\\\/__trashed\\\/\"]}]},{\"@type\":\"ImageObject\",\"inLanguage\":\"fr-FR\",\"@id\":\"https:\\\/\\\/afarconstruction.com\\\/index.php\\\/__trashed\\\/#primaryimage\",\"url\":\"https:\\\/\\\/afarconstruction.com\\\/wp-content\\\/uploads\\\/2024\\\/01\\\/WhatsApp-Image-2024-01-18-at-00.02.30-1.jpeg\",\"contentUrl\":\"https:\\\/\\\/afarconstruction.com\\\/wp-content\\\/uploads\\\/2024\\\/01\\\/WhatsApp-Image-2024-01-18-at-00.02.30-1.jpeg\",\"width\":1530,\"height\":2040},{\"@type\":\"BreadcrumbList\",\"@id\":\"https:\\\/\\\/afarconstruction.com\\\/index.php\\\/__trashed\\\/#breadcrumb\",\"itemListElement\":[{\"@type\":\"ListItem\",\"position\":1,\"name\":\"Home\",\"item\":\"https:\\\/\\\/afarconstruction.com\\\/\"},{\"@type\":\"ListItem\",\"position\":2,\"name\":\"Pourquoi choisir AFAR construction ?\"}]},{\"@type\":\"WebSite\",\"@id\":\"https:\\\/\\\/afarconstruction.com\\\/#website\",\"url\":\"https:\\\/\\\/afarconstruction.com\\\/\",\"name\":\"AFAR construction\",\"description\":\"charpente, ma\u00e7onnerie, menuiserie, bardage, travaux, peinture, b\u00e8gles, bordeaux, artisan, artisanat, batiment,  r\u00e9novation, maison, zinguerie, terrasse, cuisine, am\u00e9nagement, int\u00e9rieur, savoir-faire, devis, home\",\"publisher\":{\"@id\":\"https:\\\/\\\/afarconstruction.com\\\/#organization\"},\"potentialAction\":[{\"@type\":\"SearchAction\",\"target\":{\"@type\":\"EntryPoint\",\"urlTemplate\":\"https:\\\/\\\/afarconstruction.com\\\/?s={search_term_string}\"},\"query-input\":{\"@type\":\"PropertyValueSpecification\",\"valueRequired\":true,\"valueName\":\"search_term_string\"}}],\"inLanguage\":\"fr-FR\"},{\"@type\":\"Organization\",\"@id\":\"https:\\\/\\\/afarconstruction.com\\\/#organization\",\"name\":\"AFAR construction\",\"url\":\"https:\\\/\\\/afarconstruction.com\\\/\",\"logo\":{\"@type\":\"ImageObject\",\"inLanguage\":\"fr-FR\",\"@id\":\"https:\\\/\\\/afarconstruction.com\\\/#\\\/schema\\\/logo\\\/image\\\/\",\"url\":\"https:\\\/\\\/afarconstruction.com\\\/wp-content\\\/uploads\\\/2024\\\/01\\\/cropped-Logo-1920-x-1086.png\",\"contentUrl\":\"https:\\\/\\\/afarconstruction.com\\\/wp-content\\\/uploads\\\/2024\\\/01\\\/cropped-Logo-1920-x-1086.png\",\"width\":1630,\"height\":1084,\"caption\":\"AFAR construction\"},\"image\":{\"@id\":\"https:\\\/\\\/afarconstruction.com\\\/#\\\/schema\\\/logo\\\/image\\\/\"}}]}<\/script>\n<!-- \/ Yoast SEO plugin. -->","yoast_head_json":{"title":"Pourquoi choisir AFAR construction ? - AFAR construction","robots":{"index":"index","follow":"follow","max-snippet":"max-snippet:-1","max-image-preview":"max-image-preview:large","max-video-preview":"max-video-preview:-1"},"canonical":"https:\/\/afarconstruction.com\/index.php\/__trashed\/","og_locale":"fr_FR","og_type":"article","og_title":"Pourquoi choisir AFAR construction ? - AFAR construction","og_description":"AFAR Construction, dirig\u00e9e par Arsen Gjeta, est une entreprise artisanale bas\u00e9e \u00e0 B\u00e8gles, au sud de Bordeaux. Depuis plus de six ans, nous intervenons aupr\u00e8s des particuliers et des professionnels sur Bordeaux M\u00e9tropole et dans toute la Gironde, y compris Lacanau et le Bassin d\u2019Arcachon. Nous r\u00e9alisons des projets de [&hellip;]","og_url":"https:\/\/afarconstruction.com\/index.php\/__trashed\/","og_site_name":"AFAR construction","article_modified_time":"2026-01-30T16:27:36+00:00","og_image":[{"width":1530,"height":2040,"url":"https:\/\/afarconstruction.com\/wp-content\/uploads\/2024\/01\/WhatsApp-Image-2024-01-18-at-00.02.30-1.jpeg","type":"image\/jpeg"}],"twitter_card":"summary_large_image","twitter_misc":{"Dur\u00e9e de lecture estim\u00e9e":"5 minutes"},"schema":{"@context":"https:\/\/schema.org","@graph":[{"@type":"WebPage","@id":"https:\/\/afarconstruction.com\/index.php\/__trashed\/","url":"https:\/\/afarconstruction.com\/index.php\/__trashed\/","name":"Pourquoi choisir AFAR construction ? - AFAR construction","isPartOf":{"@id":"https:\/\/afarconstruction.com\/#website"},"primaryImageOfPage":{"@id":"https:\/\/afarconstruction.com\/index.php\/__trashed\/#primaryimage"},"image":{"@id":"https:\/\/afarconstruction.com\/index.php\/__trashed\/#primaryimage"},"thumbnailUrl":"http:\/\/afarconstruction.com\/wp-content\/uploads\/2024\/01\/WhatsApp-Image-2024-01-18-at-00.02.30-1-768x1024.jpeg","datePublished":"2024-01-20T09:21:14+00:00","dateModified":"2026-01-30T16:27:36+00:00","breadcrumb":{"@id":"https:\/\/afarconstruction.com\/index.php\/__trashed\/#breadcrumb"},"inLanguage":"fr-FR","potentialAction":[{"@type":"ReadAction","target":["https:\/\/afarconstruction.com\/index.php\/__trashed\/"]}]},{"@type":"ImageObject","inLanguage":"fr-FR","@id":"https:\/\/afarconstruction.com\/index.php\/__trashed\/#primaryimage","url":"https:\/\/afarconstruction.com\/wp-content\/uploads\/2024\/01\/WhatsApp-Image-2024-01-18-at-00.02.30-1.jpeg","contentUrl":"https:\/\/afarconstruction.com\/wp-content\/uploads\/2024\/01\/WhatsApp-Image-2024-01-18-at-00.02.30-1.jpeg","width":1530,"height":2040},{"@type":"BreadcrumbList","@id":"https:\/\/afarconstruction.com\/index.php\/__trashed\/#breadcrumb","itemListElement":[{"@type":"ListItem","position":1,"name":"Home","item":"https:\/\/afarconstruction.com\/"},{"@type":"ListItem","position":2,"name":"Pourquoi choisir AFAR construction ?"}]},{"@type":"WebSite","@id":"https:\/\/afarconstruction.com\/#website","url":"https:\/\/afarconstruction.com\/","name":"AFAR construction","description":"charpente, ma\u00e7onnerie, menuiserie, bardage, travaux, peinture, b\u00e8gles, bordeaux, artisan, artisanat, batiment,  r\u00e9novation, maison, zinguerie, terrasse, cuisine, am\u00e9nagement, int\u00e9rieur, savoir-faire, devis, home","publisher":{"@id":"https:\/\/afarconstruction.com\/#organization"},"potentialAction":[{"@type":"SearchAction","target":{"@type":"EntryPoint","urlTemplate":"https:\/\/afarconstruction.com\/?s={search_term_string}"},"query-input":{"@type":"PropertyValueSpecification","valueRequired":true,"valueName":"search_term_string"}}],"inLanguage":"fr-FR"},{"@type":"Organization","@id":"https:\/\/afarconstruction.com\/#organization","name":"AFAR construction","url":"https:\/\/afarconstruction.com\/","logo":{"@type":"ImageObject","inLanguage":"fr-FR","@id":"https:\/\/afarconstruction.com\/#\/schema\/logo\/image\/","url":"https:\/\/afarconstruction.com\/wp-content\/uploads\/2024\/01\/cropped-Logo-1920-x-1086.png","contentUrl":"https:\/\/afarconstruction.com\/wp-content\/uploads\/2024\/01\/cropped-Logo-1920-x-1086.png","width":1630,"height":1084,"caption":"AFAR construction"},"image":{"@id":"https:\/\/afarconstruction.com\/#\/schema\/logo\/image\/"}}]}},"_links":{"self":[{"href":"https:\/\/afarconstruction.com\/index.php\/wp-json\/wp\/v2\/pages\/141","targetHints":{"allow":["GET"]}}],"collection":[{"href":"https:\/\/afarconstruction.com\/index.php\/wp-json\/wp\/v2\/pages"}],"about":[{"href":"https:\/\/afarconstruction.com\/index.php\/wp-json\/wp\/v2\/types\/page"}],"author":[{"embeddable":true,"href":"https:\/\/afarconstruction.com\/index.php\/wp-json\/wp\/v2\/users\/1"}],"replies":[{"embeddable":true,"href":"https:\/\/afarconstruction.com\/index.php\/wp-json\/wp\/v2\/comments?post=141"}],"version-history":[{"count":14,"href":"https:\/\/afarconstruction.com\/index.php\/wp-json\/wp\/v2\/pages\/141\/revisions"}],"predecessor-version":[{"id":230,"href":"https:\/\/afarconstruction.com\/index.php\/wp-json\/wp\/v2\/pages\/141\/revisions\/230"}],"wp:attachment":[{"href":"https:\/\/afarconstruction.com\/index.php\/wp-json\/wp\/v2\/media?parent=141"}],"curies":[{"name":"wp","href":"https:\/\/api.w.org\/{rel}","templated":true}]}}