{"id":26,"date":"2024-01-18T00:29:17","date_gmt":"2024-01-17T23:29:17","guid":{"rendered":"https:\/\/afarconstruction.com\/?page_id=26"},"modified":"2024-10-19T22:06:58","modified_gmt":"2024-10-19T20:06:58","slug":"accueil","status":"publish","type":"page","link":"https:\/\/afarconstruction.com\/","title":{"rendered":"Accueil"},"content":{"rendered":"\n<div class=\"wp-block-cover alignfull is-light hestia-clear-top-padding\" style=\"min-height:1063px;aspect-ratio:unset;\"><span aria-hidden=\"true\" class=\"wp-block-cover__background has-white-background-color has-background-dim-100 has-background-dim\"><\/span><div class=\"wp-block-cover__inner-container is-layout-flow wp-block-cover-is-layout-flow\">\n<p class=\"has-text-align-center\"><strong>Votre expert en charpente, menuiserie, ma\u00e7onnerie, bardage et petits travaux<\/strong><\/p>\n\n\n\n<p><\/p>\n\n\n\n<div class=\"wp-block-buttons is-content-justification-center is-layout-flex wp-container-core-buttons-is-layout-16018d1d wp-block-buttons-is-layout-flex\">\n<div class=\"wp-block-button\"><a class=\"wp-block-button__link wp-element-button\" href=\"https:\/\/afarconstruction.com\/index.php\/contact\" target=\"_blank\" rel=\"noreferrer noopener\">Demande de devis<\/a><\/div>\n<\/div>\n\n\n\n<hr class=\"wp-block-separator has-alpha-channel-opacity\"\/>\n\n\n\n<p><strong>\u00c0 propos de nous :<\/strong> Chez AFAR construction, nous nous engageons \u00e0 offrir des services de construction exceptionnels dans les domaines de la charpente, de la menuiserie, de la ma\u00e7onnerie, et des petits travaux. Forts d&rsquo;une exp\u00e9rience de 6 ann\u00e9es sur la r\u00e9gion bordelaise, nous avons \u00e9tabli notre r\u00e9putation gr\u00e2ce \u00e0 notre d\u00e9vouement envers l&rsquo;excellence et notre engagement envers la satisfaction client.<\/p>\n\n\n\n<p><strong>Nos comp\u00e9tences :<\/strong><\/p>\n\n\n\n<ul class=\"wp-block-list\">\n<li><em>Charpente :<\/em> Des structures solides et durables, construites avec pr\u00e9cision.<\/li>\n\n\n\n<li><em>Menuiserie :<\/em> Des cr\u00e9ations sur mesure, alliant fonctionnalit\u00e9 et esth\u00e9tique.<\/li>\n\n\n\n<li><em>Ma\u00e7onnerie :<\/em> Des fondations robustes pour tous types de projets.<\/li>\n\n\n\n<li><em>Petits Travaux :<\/em> Des solutions pratiques pour r\u00e9pondre \u00e0 vos besoins quotidiens.<\/li>\n<\/ul>\n\n\n\n<p><strong>Notre engagement :<\/strong> Chez AFAR construction, nous sommes fiers de notre approche m\u00e9ticuleuse envers chaque projet. Nous combinons l&rsquo;expertise artisanale traditionnelle avec des m\u00e9thodes modernes pour garantir des r\u00e9sultats exceptionnels. Notre \u00e9quipe d\u00e9vou\u00e9e est d\u00e9termin\u00e9e \u00e0 surpasser vos attentes \u00e0 chaque \u00e9tape du processus.<\/p>\n\n\n\n<div class=\"wp-block-columns is-layout-flex wp-container-core-columns-is-layout-9d6595d7 wp-block-columns-is-layout-flex\">\n<div class=\"wp-block-column is-layout-flow wp-block-column-is-layout-flow\">\n<p class=\"has-text-align-center\"><strong>Suivez-nous sur les r\u00e9seaux sociaux :<\/strong> Restez inform\u00e9s sur nos derniers projets, astuces et mises \u00e0 jour&#8230;<a href=\"https:\/\/www.instagram.com\/afar.construction\/\" target=\"_blank\" rel=\"noreferrer noopener\"><img loading=\"lazy\" decoding=\"async\" width=\"150\" height=\"121\" class=\"wp-image-111\" style=\"width: 150px;\" src=\"http:\/\/afarconstruction.com\/wp-content\/uploads\/2024\/01\/Symbole-Instagram-1.jpg\" alt=\"\" srcset=\"https:\/\/afarconstruction.com\/wp-content\/uploads\/2024\/01\/Symbole-Instagram-1.jpg 1232w, https:\/\/afarconstruction.com\/wp-content\/uploads\/2024\/01\/Symbole-Instagram-1-300x242.jpg 300w, https:\/\/afarconstruction.com\/wp-content\/uploads\/2024\/01\/Symbole-Instagram-1-1024x826.jpg 1024w, https:\/\/afarconstruction.com\/wp-content\/uploads\/2024\/01\/Symbole-Instagram-1-768x620.jpg 768w\" sizes=\"auto, (max-width: 150px) 100vw, 150px\" \/><\/a><\/p>\n<\/div>\n<\/div>\n\n\n\n<h4 class=\"wp-block-heading has-text-align-left\">Nous transformons vos id\u00e9es en r\u00e9alit\u00e9. Faites-nous confiance pour tous vos besoins en charpente, menuiserie, ma\u00e7onnerie, bardage et petits travaux.<\/h4>\n\n\n\n<div class=\"wp-block-buttons is-content-justification-center is-layout-flex wp-container-core-buttons-is-layout-16018d1d wp-block-buttons-is-layout-flex\">\n<div class=\"wp-block-button\"><a class=\"wp-block-button__link has-text-align-center wp-element-button\" href=\"https:\/\/afarconstruction.com\/index.php\/contact\/\" target=\"_blank\" rel=\"noreferrer noopener\">Demande de Devis<\/a><\/div>\n<\/div>\n<\/div><\/div>\n\n\n\n<div class=\"wp-block-columns container is-layout-flex wp-container-core-columns-is-layout-9d6595d7 wp-block-columns-is-layout-flex\">\n<div class=\"wp-block-column col-md-5 is-layout-flow wp-block-column-is-layout-flow\">\n<div style=\"height:55px\" aria-hidden=\"true\" class=\"wp-block-spacer\"><\/div>\n\n\n\n<h2 class=\"wp-block-heading\">Nos partenaires et collaborateurs<\/h2>\n\n\n\n<p>Pour les projets d&rsquo;envergure, nous collaborons \u00e9troitement avec d&rsquo;autres artisans exp\u00e9riment\u00e9s ainsi qu&rsquo;avec des architectes de confiance. Cette collaboration renforce notre capacit\u00e9 \u00e0 r\u00e9aliser des travaux de haute qualit\u00e9, assurant ainsi la r\u00e9ussite et la satisfaction totale de nos clients.<\/p>\n<\/div>\n\n\n\n<div class=\"wp-block-column col-md-6 col-md-offset1 is-layout-flow wp-block-column-is-layout-flow\">\n<div style=\"height:55px\" aria-hidden=\"true\" class=\"wp-block-spacer\"><\/div>\n\n\n<div class=\"wp-block-image\">\n<figure class=\"aligncenter size-full is-resized\"><a href=\"https:\/\/gjetamsi.fr\/\" target=\"_blank\" rel=\"noreferrer noopener\"><img loading=\"lazy\" decoding=\"async\" width=\"1004\" height=\"768\" src=\"https:\/\/afarconstruction.com\/wp-content\/uploads\/2024\/01\/4-1.png\" alt=\"\" class=\"wp-image-185\" style=\"width:162px;height:auto\" srcset=\"https:\/\/afarconstruction.com\/wp-content\/uploads\/2024\/01\/4-1.png 1004w, https:\/\/afarconstruction.com\/wp-content\/uploads\/2024\/01\/4-1-300x229.png 300w, https:\/\/afarconstruction.com\/wp-content\/uploads\/2024\/01\/4-1-768x587.png 768w\" sizes=\"auto, (max-width: 1004px) 100vw, 1004px\" \/><\/a><\/figure>\n<\/div>\n\n<div class=\"wp-block-image\">\n<figure class=\"aligncenter size-full is-resized\"><a href=\"https:\/\/www.instagram.com\/drs_architecture\" target=\"_blank\" rel=\"noreferrer noopener\"><img loading=\"lazy\" decoding=\"async\" width=\"1004\" height=\"768\" src=\"https:\/\/afarconstruction.com\/wp-content\/uploads\/2024\/01\/5-1.png\" alt=\"\" class=\"wp-image-184\" style=\"width:162px;height:auto\" srcset=\"https:\/\/afarconstruction.com\/wp-content\/uploads\/2024\/01\/5-1.png 1004w, https:\/\/afarconstruction.com\/wp-content\/uploads\/2024\/01\/5-1-300x229.png 300w, https:\/\/afarconstruction.com\/wp-content\/uploads\/2024\/01\/5-1-768x587.png 768w\" sizes=\"auto, (max-width: 1004px) 100vw, 1004px\" \/><\/a><\/figure>\n<\/div><\/div>\n<\/div>\n","protected":false},"excerpt":{"rendered":"<p>Nos partenaires et collaborateurs Pour les projets d&rsquo;envergure, nous collaborons \u00e9troitement avec d&rsquo;autres artisans exp\u00e9riment\u00e9s ainsi qu&rsquo;avec des architectes de confiance. Cette collaboration renforce notre capacit\u00e9 \u00e0 r\u00e9aliser des travaux de haute qualit\u00e9, assurant ainsi la r\u00e9ussite et la satisfaction totale de nos clients.<\/p>\n","protected":false},"author":1,"featured_media":73,"parent":0,"menu_order":0,"comment_status":"closed","ping_status":"closed","template":"","meta":{"footnotes":""},"class_list":["post-26","page","type-page","status-publish","has-post-thumbnail","hentry"],"yoast_head":"<!-- This site is optimized with the Yoast SEO plugin v27.4 - https:\/\/yoast.com\/product\/yoast-seo-wordpress\/ -->\n<title>Accueil - AFAR construction<\/title>\n<meta name=\"robots\" content=\"index, follow, max-snippet:-1, max-image-preview:large, max-video-preview:-1\" \/>\n<link rel=\"canonical\" href=\"https:\/\/afarconstruction.com\/\" \/>\n<meta property=\"og:locale\" content=\"fr_FR\" \/>\n<meta property=\"og:type\" content=\"article\" \/>\n<meta property=\"og:title\" content=\"Accueil - AFAR construction\" \/>\n<meta property=\"og:description\" content=\"Nos partenaires et collaborateurs Pour les projets d&rsquo;envergure, nous collaborons \u00e9troitement avec d&rsquo;autres artisans exp\u00e9riment\u00e9s ainsi qu&rsquo;avec des architectes de confiance. Cette collaboration renforce notre capacit\u00e9 \u00e0 r\u00e9aliser des travaux de haute qualit\u00e9, assurant ainsi la r\u00e9ussite et la satisfaction totale de nos clients.\" \/>\n<meta property=\"og:url\" content=\"https:\/\/afarconstruction.com\/\" \/>\n<meta property=\"og:site_name\" content=\"AFAR construction\" \/>\n<meta property=\"article:modified_time\" content=\"2024-10-19T20:06:58+00:00\" \/>\n<meta property=\"og:image\" content=\"https:\/\/afarconstruction.com\/wp-content\/uploads\/2024\/01\/bordeaux.png\" \/>\n\t<meta property=\"og:image:width\" content=\"1390\" \/>\n\t<meta property=\"og:image:height\" content=\"638\" \/>\n\t<meta property=\"og:image:type\" content=\"image\/png\" \/>\n<meta name=\"twitter:card\" content=\"summary_large_image\" \/>\n<meta name=\"twitter:label1\" content=\"Dur\u00e9e de lecture estim\u00e9e\" \/>\n\t<meta name=\"twitter:data1\" content=\"1 minute\" \/>\n<script type=\"application\/ld+json\" class=\"yoast-schema-graph\">{\"@context\":\"https:\\\/\\\/schema.org\",\"@graph\":[{\"@type\":\"WebPage\",\"@id\":\"https:\\\/\\\/afarconstruction.com\\\/\",\"url\":\"https:\\\/\\\/afarconstruction.com\\\/\",\"name\":\"Accueil - AFAR construction\",\"isPartOf\":{\"@id\":\"https:\\\/\\\/afarconstruction.com\\\/#website\"},\"primaryImageOfPage\":{\"@id\":\"https:\\\/\\\/afarconstruction.com\\\/#primaryimage\"},\"image\":{\"@id\":\"https:\\\/\\\/afarconstruction.com\\\/#primaryimage\"},\"thumbnailUrl\":\"https:\\\/\\\/afarconstruction.com\\\/wp-content\\\/uploads\\\/2024\\\/01\\\/bordeaux.png\",\"datePublished\":\"2024-01-17T23:29:17+00:00\",\"dateModified\":\"2024-10-19T20:06:58+00:00\",\"breadcrumb\":{\"@id\":\"https:\\\/\\\/afarconstruction.com\\\/#breadcrumb\"},\"inLanguage\":\"fr-FR\",\"potentialAction\":[{\"@type\":\"ReadAction\",\"target\":[\"https:\\\/\\\/afarconstruction.com\\\/\"]}]},{\"@type\":\"ImageObject\",\"inLanguage\":\"fr-FR\",\"@id\":\"https:\\\/\\\/afarconstruction.com\\\/#primaryimage\",\"url\":\"https:\\\/\\\/afarconstruction.com\\\/wp-content\\\/uploads\\\/2024\\\/01\\\/bordeaux.png\",\"contentUrl\":\"https:\\\/\\\/afarconstruction.com\\\/wp-content\\\/uploads\\\/2024\\\/01\\\/bordeaux.png\",\"width\":1390,\"height\":638,\"caption\":\"AFAR construction Charpente - Menuiserie - Bardage - Ma\u00e7onnerie Petits travaux Arsen GJETA\"},{\"@type\":\"BreadcrumbList\",\"@id\":\"https:\\\/\\\/afarconstruction.com\\\/#breadcrumb\",\"itemListElement\":[{\"@type\":\"ListItem\",\"position\":1,\"name\":\"Home\",\"item\":\"https:\\\/\\\/afarconstruction.com\\\/\"},{\"@type\":\"ListItem\",\"position\":2,\"name\":\"Accueil\"}]},{\"@type\":\"WebSite\",\"@id\":\"https:\\\/\\\/afarconstruction.com\\\/#website\",\"url\":\"https:\\\/\\\/afarconstruction.com\\\/\",\"name\":\"AFAR construction\",\"description\":\"charpente, ma\u00e7onnerie, menuiserie, bardage, travaux, peinture, b\u00e8gles, bordeaux, artisan, artisanat, batiment,  r\u00e9novation, maison, zinguerie, terrasse, cuisine, am\u00e9nagement, int\u00e9rieur, savoir-faire, devis, home\",\"publisher\":{\"@id\":\"https:\\\/\\\/afarconstruction.com\\\/#organization\"},\"potentialAction\":[{\"@type\":\"SearchAction\",\"target\":{\"@type\":\"EntryPoint\",\"urlTemplate\":\"https:\\\/\\\/afarconstruction.com\\\/?s={search_term_string}\"},\"query-input\":{\"@type\":\"PropertyValueSpecification\",\"valueRequired\":true,\"valueName\":\"search_term_string\"}}],\"inLanguage\":\"fr-FR\"},{\"@type\":\"Organization\",\"@id\":\"https:\\\/\\\/afarconstruction.com\\\/#organization\",\"name\":\"AFAR construction\",\"url\":\"https:\\\/\\\/afarconstruction.com\\\/\",\"logo\":{\"@type\":\"ImageObject\",\"inLanguage\":\"fr-FR\",\"@id\":\"https:\\\/\\\/afarconstruction.com\\\/#\\\/schema\\\/logo\\\/image\\\/\",\"url\":\"https:\\\/\\\/afarconstruction.com\\\/wp-content\\\/uploads\\\/2024\\\/01\\\/cropped-Logo-1920-x-1086.png\",\"contentUrl\":\"https:\\\/\\\/afarconstruction.com\\\/wp-content\\\/uploads\\\/2024\\\/01\\\/cropped-Logo-1920-x-1086.png\",\"width\":1630,\"height\":1084,\"caption\":\"AFAR construction\"},\"image\":{\"@id\":\"https:\\\/\\\/afarconstruction.com\\\/#\\\/schema\\\/logo\\\/image\\\/\"}}]}<\/script>\n<!-- \/ Yoast SEO plugin. -->","yoast_head_json":{"title":"Accueil - AFAR construction","robots":{"index":"index","follow":"follow","max-snippet":"max-snippet:-1","max-image-preview":"max-image-preview:large","max-video-preview":"max-video-preview:-1"},"canonical":"https:\/\/afarconstruction.com\/","og_locale":"fr_FR","og_type":"article","og_title":"Accueil - AFAR construction","og_description":"Nos partenaires et collaborateurs Pour les projets d&rsquo;envergure, nous collaborons \u00e9troitement avec d&rsquo;autres artisans exp\u00e9riment\u00e9s ainsi qu&rsquo;avec des architectes de confiance. Cette collaboration renforce notre capacit\u00e9 \u00e0 r\u00e9aliser des travaux de haute qualit\u00e9, assurant ainsi la r\u00e9ussite et la satisfaction totale de nos clients.","og_url":"https:\/\/afarconstruction.com\/","og_site_name":"AFAR construction","article_modified_time":"2024-10-19T20:06:58+00:00","og_image":[{"width":1390,"height":638,"url":"https:\/\/afarconstruction.com\/wp-content\/uploads\/2024\/01\/bordeaux.png","type":"image\/png"}],"twitter_card":"summary_large_image","twitter_misc":{"Dur\u00e9e de lecture estim\u00e9e":"1 minute"},"schema":{"@context":"https:\/\/schema.org","@graph":[{"@type":"WebPage","@id":"https:\/\/afarconstruction.com\/","url":"https:\/\/afarconstruction.com\/","name":"Accueil - AFAR construction","isPartOf":{"@id":"https:\/\/afarconstruction.com\/#website"},"primaryImageOfPage":{"@id":"https:\/\/afarconstruction.com\/#primaryimage"},"image":{"@id":"https:\/\/afarconstruction.com\/#primaryimage"},"thumbnailUrl":"https:\/\/afarconstruction.com\/wp-content\/uploads\/2024\/01\/bordeaux.png","datePublished":"2024-01-17T23:29:17+00:00","dateModified":"2024-10-19T20:06:58+00:00","breadcrumb":{"@id":"https:\/\/afarconstruction.com\/#breadcrumb"},"inLanguage":"fr-FR","potentialAction":[{"@type":"ReadAction","target":["https:\/\/afarconstruction.com\/"]}]},{"@type":"ImageObject","inLanguage":"fr-FR","@id":"https:\/\/afarconstruction.com\/#primaryimage","url":"https:\/\/afarconstruction.com\/wp-content\/uploads\/2024\/01\/bordeaux.png","contentUrl":"https:\/\/afarconstruction.com\/wp-content\/uploads\/2024\/01\/bordeaux.png","width":1390,"height":638,"caption":"AFAR construction Charpente - Menuiserie - Bardage - Ma\u00e7onnerie Petits travaux Arsen GJETA"},{"@type":"BreadcrumbList","@id":"https:\/\/afarconstruction.com\/#breadcrumb","itemListElement":[{"@type":"ListItem","position":1,"name":"Home","item":"https:\/\/afarconstruction.com\/"},{"@type":"ListItem","position":2,"name":"Accueil"}]},{"@type":"WebSite","@id":"https:\/\/afarconstruction.com\/#website","url":"https:\/\/afarconstruction.com\/","name":"AFAR construction","description":"charpente, ma\u00e7onnerie, menuiserie, bardage, travaux, peinture, b\u00e8gles, bordeaux, artisan, artisanat, batiment,  r\u00e9novation, maison, zinguerie, terrasse, cuisine, am\u00e9nagement, int\u00e9rieur, savoir-faire, devis, home","publisher":{"@id":"https:\/\/afarconstruction.com\/#organization"},"potentialAction":[{"@type":"SearchAction","target":{"@type":"EntryPoint","urlTemplate":"https:\/\/afarconstruction.com\/?s={search_term_string}"},"query-input":{"@type":"PropertyValueSpecification","valueRequired":true,"valueName":"search_term_string"}}],"inLanguage":"fr-FR"},{"@type":"Organization","@id":"https:\/\/afarconstruction.com\/#organization","name":"AFAR construction","url":"https:\/\/afarconstruction.com\/","logo":{"@type":"ImageObject","inLanguage":"fr-FR","@id":"https:\/\/afarconstruction.com\/#\/schema\/logo\/image\/","url":"https:\/\/afarconstruction.com\/wp-content\/uploads\/2024\/01\/cropped-Logo-1920-x-1086.png","contentUrl":"https:\/\/afarconstruction.com\/wp-content\/uploads\/2024\/01\/cropped-Logo-1920-x-1086.png","width":1630,"height":1084,"caption":"AFAR construction"},"image":{"@id":"https:\/\/afarconstruction.com\/#\/schema\/logo\/image\/"}}]}},"_links":{"self":[{"href":"https:\/\/afarconstruction.com\/index.php\/wp-json\/wp\/v2\/pages\/26","targetHints":{"allow":["GET"]}}],"collection":[{"href":"https:\/\/afarconstruction.com\/index.php\/wp-json\/wp\/v2\/pages"}],"about":[{"href":"https:\/\/afarconstruction.com\/index.php\/wp-json\/wp\/v2\/types\/page"}],"author":[{"embeddable":true,"href":"https:\/\/afarconstruction.com\/index.php\/wp-json\/wp\/v2\/users\/1"}],"replies":[{"embeddable":true,"href":"https:\/\/afarconstruction.com\/index.php\/wp-json\/wp\/v2\/comments?post=26"}],"version-history":[{"count":21,"href":"https:\/\/afarconstruction.com\/index.php\/wp-json\/wp\/v2\/pages\/26\/revisions"}],"predecessor-version":[{"id":191,"href":"https:\/\/afarconstruction.com\/index.php\/wp-json\/wp\/v2\/pages\/26\/revisions\/191"}],"wp:featuredmedia":[{"embeddable":true,"href":"https:\/\/afarconstruction.com\/index.php\/wp-json\/wp\/v2\/media\/73"}],"wp:attachment":[{"href":"https:\/\/afarconstruction.com\/index.php\/wp-json\/wp\/v2\/media?parent=26"}],"curies":[{"name":"wp","href":"https:\/\/api.w.org\/{rel}","templated":true}]}}