{"id":27,"date":"2024-01-18T00:29:17","date_gmt":"2024-01-17T23:29:17","guid":{"rendered":"https:\/\/afarconstruction.com\/?page_id=27"},"modified":"2024-01-20T12:42:04","modified_gmt":"2024-01-20T11:42:04","slug":"contact","status":"publish","type":"page","link":"https:\/\/afarconstruction.com\/index.php\/contact\/","title":{"rendered":"Contact"},"content":{"rendered":"\n<div class=\"wp-block-columns container is-layout-flex wp-container-core-columns-is-layout-9d6595d7 wp-block-columns-is-layout-flex\">\n<div class=\"wp-block-column is-vertically-aligned-center is-layout-flow wp-block-column-is-layout-flow\"><div class=\"wp-block-image\">\n<figure class=\"aligncenter size-full is-resized\"><img loading=\"lazy\" decoding=\"async\" width=\"1004\" height=\"768\" src=\"https:\/\/afarconstruction.com\/wp-content\/uploads\/2024\/01\/AFAR-carte-de-visite-Recto-1.png\" alt=\"\" class=\"wp-image-103\" style=\"width:436px;height:auto\" srcset=\"https:\/\/afarconstruction.com\/wp-content\/uploads\/2024\/01\/AFAR-carte-de-visite-Recto-1.png 1004w, https:\/\/afarconstruction.com\/wp-content\/uploads\/2024\/01\/AFAR-carte-de-visite-Recto-1-300x229.png 300w, https:\/\/afarconstruction.com\/wp-content\/uploads\/2024\/01\/AFAR-carte-de-visite-Recto-1-768x587.png 768w\" sizes=\"auto, (max-width: 1004px) 100vw, 1004px\" \/><\/figure>\n<\/div><\/div>\n<\/div>\n\n\n\n<h5 class=\"wp-block-heading has-text-align-center\">Demande de devis*<\/h5>\n\n\n\n<div class=\"wp-block-columns is-layout-flex wp-container-core-columns-is-layout-9d6595d7 wp-block-columns-is-layout-flex\">\n<div class=\"wp-block-column is-layout-flow wp-block-column-is-layout-flow\" style=\"flex-basis:25%\"><\/div>\n\n\n\n<div class=\"wp-block-column is-layout-flow wp-block-column-is-layout-flow\" style=\"flex-basis:50%\"><div class=\"wpforms-container wpforms-container-full wpforms-block wpforms-block-178b431f-2986-41f2-a545-e539ddf87b44\" id=\"wpforms-156\"><form id=\"wpforms-form-156\" class=\"wpforms-validate wpforms-form wpforms-ajax-form\" data-formid=\"156\" method=\"post\" enctype=\"multipart\/form-data\" action=\"\/index.php\/wp-json\/wp\/v2\/pages\/27\" data-token=\"dff87dd0bbdb2bb7657c203b3cb4ebc9\" data-token-time=\"1776378883\"><noscript class=\"wpforms-error-noscript\">Veuillez activer JavaScript dans votre navigateur pour remplir ce formulaire.<\/noscript><div class=\"wpforms-field-container\"><div id=\"wpforms-156-field_0-container\" class=\"wpforms-field wpforms-field-name\" data-field-id=\"0\"><label class=\"wpforms-field-label\">Nom <span class=\"wpforms-required-label\">*<\/span><\/label><div class=\"wpforms-field-row wpforms-field-medium\"><div class=\"wpforms-field-row-block wpforms-first wpforms-one-half\"><input type=\"text\" id=\"wpforms-156-field_0\" class=\"wpforms-field-name-first wpforms-field-required\" name=\"wpforms[fields][0][first]\" required><label for=\"wpforms-156-field_0\" class=\"wpforms-field-sublabel after\">Pr\u00e9nom<\/label><\/div><div class=\"wpforms-field-row-block wpforms-one-half\"><input type=\"text\" id=\"wpforms-156-field_0-last\" class=\"wpforms-field-name-last wpforms-field-required\" name=\"wpforms[fields][0][last]\" required><label for=\"wpforms-156-field_0-last\" class=\"wpforms-field-sublabel after\">Nom<\/label><\/div><\/div><\/div><div id=\"wpforms-156-field_1-container\" class=\"wpforms-field wpforms-field-email\" data-field-id=\"1\"><label class=\"wpforms-field-label\" for=\"wpforms-156-field_1\">E-mail <span class=\"wpforms-required-label\">*<\/span><\/label><input type=\"email\" id=\"wpforms-156-field_1\" class=\"wpforms-field-medium wpforms-field-required\" name=\"wpforms[fields][1]\" spellcheck=\"false\" required><\/div><div id=\"wpforms-156-field_3-container\" class=\"wpforms-field wpforms-field-number\" data-field-id=\"3\"><label class=\"wpforms-field-label\" for=\"wpforms-156-field_3\">T\u00e9l\u00e9phone <span class=\"wpforms-required-label\">*<\/span><\/label><input type=\"number\" id=\"wpforms-156-field_3\" class=\"wpforms-field-medium wpforms-field-required\" name=\"wpforms[fields][3]\" step=\"any\" required><div class=\"wpforms-field-description\">06 .. .. .. .. .. \/ 05 .. .. .. .. ..<\/div><\/div><div id=\"wpforms-156-field_2-container\" class=\"wpforms-field wpforms-field-textarea\" data-field-id=\"2\"><label class=\"wpforms-field-label\" for=\"wpforms-156-field_2\">Pr\u00e9ciser la demande (Quel type de travaux, date, lieu, budget&#8230; )<\/label><textarea id=\"wpforms-156-field_2\" class=\"wpforms-field-medium\" name=\"wpforms[fields][2]\" ><\/textarea><\/div><\/div><!-- .wpforms-field-container --><div class=\"wpforms-submit-container\" ><input type=\"hidden\" name=\"wpforms[id]\" value=\"156\"><input type=\"hidden\" name=\"page_title\" value=\"\"><input type=\"hidden\" name=\"page_url\" value=\"https:\/\/afarconstruction.com\/index.php\/wp-json\/wp\/v2\/pages\/27\"><input type=\"hidden\" name=\"url_referer\" value=\"\"><button type=\"submit\" name=\"wpforms[submit]\" id=\"wpforms-submit-156\" class=\"wpforms-submit\" data-alt-text=\"Envoi...\" data-submit-text=\"Envoyer\" aria-live=\"assertive\" value=\"wpforms-submit\">Envoyer<\/button><img loading=\"lazy\" decoding=\"async\" src=\"https:\/\/afarconstruction.com\/wp-content\/plugins\/wpforms-lite\/assets\/images\/submit-spin.svg\" class=\"wpforms-submit-spinner\" style=\"display: none;\" width=\"26\" height=\"26\" alt=\"Chargement en cours\"><\/div><\/form><\/div>  <!-- .wpforms-container -->\n\n\n<h6 class=\"wp-block-heading has-text-align-center\">*<a href=\"https:\/\/afarconstruction.com\/index.php\/contact\/conditions-generales-du-devis\/\" target=\"_blank\" rel=\"noreferrer noopener\">Conditions g\u00e9n\u00e9rales du devis<\/a><\/h6>\n<\/div>\n\n\n\n<div class=\"wp-block-column is-layout-flow wp-block-column-is-layout-flow\" style=\"flex-basis:25%\"><\/div>\n<\/div>\n\n\n\n<h5 class=\"wp-block-heading has-text-align-center\">A votre disposition<\/h5>\n\n\n\n<div class=\"wp-block-group\"><div class=\"wp-block-group__inner-container is-layout-constrained wp-block-group-is-layout-constrained\">\n<div class=\"wp-block-columns are-vertically-aligned-center is-layout-flex wp-container-core-columns-is-layout-9d6595d7 wp-block-columns-is-layout-flex\">\n<div class=\"wp-block-column is-vertically-aligned-center is-layout-flow wp-block-column-is-layout-flow\">\n<p class=\"has-text-align-center\">contact@afarconstruction.com<\/p>\n\n\n\n<p class=\"has-text-align-center\">1 rue de Paty &#8211; 33130 B\u00e8gles<\/p>\n\n\n\n<p class=\"has-text-align-center\">Secr\u00e9tariat : 06 05 69 14 82 &#8211; Arsen : 07 53 74 55 73<\/p>\n<\/div>\n<\/div>\n<\/div><\/div>\n\n\n\n<p class=\"has-text-align-center\">Siret : 98125124200013 &#8211; Code APE : 4391A<\/p>\n","protected":false},"excerpt":{"rendered":"<p>Demande de devis* *Conditions g\u00e9n\u00e9rales du devis A votre disposition contact@afarconstruction.com 1 rue de Paty &#8211; 33130 B\u00e8gles Secr\u00e9tariat : 06 05 69 14 82 &#8211; Arsen : 07 53 74 55 73 Siret : 98125124200013 &#8211; Code APE : 4391A<\/p>\n","protected":false},"author":1,"featured_media":19,"parent":0,"menu_order":0,"comment_status":"closed","ping_status":"closed","template":"page-templates\/template-pagebuilder-full-width.php","meta":{"footnotes":""},"class_list":["post-27","page","type-page","status-publish","has-post-thumbnail","hentry"],"yoast_head":"<!-- This site is optimized with the Yoast SEO plugin v27.4 - https:\/\/yoast.com\/product\/yoast-seo-wordpress\/ -->\n<title>Contact - AFAR construction<\/title>\n<meta name=\"robots\" content=\"index, follow, max-snippet:-1, max-image-preview:large, max-video-preview:-1\" \/>\n<link rel=\"canonical\" href=\"https:\/\/afarconstruction.com\/index.php\/contact\/\" \/>\n<meta property=\"og:locale\" content=\"fr_FR\" \/>\n<meta property=\"og:type\" content=\"article\" \/>\n<meta property=\"og:title\" content=\"Contact - AFAR construction\" \/>\n<meta property=\"og:description\" content=\"Demande de devis* *Conditions g\u00e9n\u00e9rales du devis A votre disposition contact@afarconstruction.com 1 rue de Paty &#8211; 33130 B\u00e8gles Secr\u00e9tariat : 06 05 69 14 82 &#8211; Arsen : 07 53 74 55 73 Siret : 98125124200013 &#8211; Code APE : 4391A\" \/>\n<meta property=\"og:url\" content=\"https:\/\/afarconstruction.com\/index.php\/contact\/\" \/>\n<meta property=\"og:site_name\" content=\"AFAR construction\" \/>\n<meta property=\"article:modified_time\" content=\"2024-01-20T11:42:04+00:00\" \/>\n<meta property=\"og:image\" content=\"http:\/\/afarconstruction.com\/wp-content\/uploads\/2024\/01\/contact.jpg\" \/>\n\t<meta property=\"og:image:width\" content=\"1024\" \/>\n\t<meta property=\"og:image:height\" content=\"683\" \/>\n\t<meta property=\"og:image:type\" content=\"image\/jpeg\" \/>\n<meta name=\"twitter:card\" content=\"summary_large_image\" \/>\n<script type=\"application\/ld+json\" class=\"yoast-schema-graph\">{\"@context\":\"https:\\\/\\\/schema.org\",\"@graph\":[{\"@type\":\"WebPage\",\"@id\":\"https:\\\/\\\/afarconstruction.com\\\/index.php\\\/contact\\\/\",\"url\":\"https:\\\/\\\/afarconstruction.com\\\/index.php\\\/contact\\\/\",\"name\":\"Contact - AFAR construction\",\"isPartOf\":{\"@id\":\"https:\\\/\\\/afarconstruction.com\\\/#website\"},\"primaryImageOfPage\":{\"@id\":\"https:\\\/\\\/afarconstruction.com\\\/index.php\\\/contact\\\/#primaryimage\"},\"image\":{\"@id\":\"https:\\\/\\\/afarconstruction.com\\\/index.php\\\/contact\\\/#primaryimage\"},\"thumbnailUrl\":\"https:\\\/\\\/afarconstruction.com\\\/wp-content\\\/uploads\\\/2024\\\/01\\\/contact.jpg\",\"datePublished\":\"2024-01-17T23:29:17+00:00\",\"dateModified\":\"2024-01-20T11:42:04+00:00\",\"breadcrumb\":{\"@id\":\"https:\\\/\\\/afarconstruction.com\\\/index.php\\\/contact\\\/#breadcrumb\"},\"inLanguage\":\"fr-FR\",\"potentialAction\":[{\"@type\":\"ReadAction\",\"target\":[\"https:\\\/\\\/afarconstruction.com\\\/index.php\\\/contact\\\/\"]}]},{\"@type\":\"ImageObject\",\"inLanguage\":\"fr-FR\",\"@id\":\"https:\\\/\\\/afarconstruction.com\\\/index.php\\\/contact\\\/#primaryimage\",\"url\":\"https:\\\/\\\/afarconstruction.com\\\/wp-content\\\/uploads\\\/2024\\\/01\\\/contact.jpg\",\"contentUrl\":\"https:\\\/\\\/afarconstruction.com\\\/wp-content\\\/uploads\\\/2024\\\/01\\\/contact.jpg\",\"width\":1024,\"height\":683},{\"@type\":\"BreadcrumbList\",\"@id\":\"https:\\\/\\\/afarconstruction.com\\\/index.php\\\/contact\\\/#breadcrumb\",\"itemListElement\":[{\"@type\":\"ListItem\",\"position\":1,\"name\":\"Home\",\"item\":\"https:\\\/\\\/afarconstruction.com\\\/\"},{\"@type\":\"ListItem\",\"position\":2,\"name\":\"Contact\"}]},{\"@type\":\"WebSite\",\"@id\":\"https:\\\/\\\/afarconstruction.com\\\/#website\",\"url\":\"https:\\\/\\\/afarconstruction.com\\\/\",\"name\":\"AFAR construction\",\"description\":\"charpente, ma\u00e7onnerie, menuiserie, bardage, travaux, peinture, b\u00e8gles, bordeaux, artisan, artisanat, batiment,  r\u00e9novation, maison, zinguerie, terrasse, cuisine, am\u00e9nagement, int\u00e9rieur, savoir-faire, devis, home\",\"publisher\":{\"@id\":\"https:\\\/\\\/afarconstruction.com\\\/#organization\"},\"potentialAction\":[{\"@type\":\"SearchAction\",\"target\":{\"@type\":\"EntryPoint\",\"urlTemplate\":\"https:\\\/\\\/afarconstruction.com\\\/?s={search_term_string}\"},\"query-input\":{\"@type\":\"PropertyValueSpecification\",\"valueRequired\":true,\"valueName\":\"search_term_string\"}}],\"inLanguage\":\"fr-FR\"},{\"@type\":\"Organization\",\"@id\":\"https:\\\/\\\/afarconstruction.com\\\/#organization\",\"name\":\"AFAR construction\",\"url\":\"https:\\\/\\\/afarconstruction.com\\\/\",\"logo\":{\"@type\":\"ImageObject\",\"inLanguage\":\"fr-FR\",\"@id\":\"https:\\\/\\\/afarconstruction.com\\\/#\\\/schema\\\/logo\\\/image\\\/\",\"url\":\"https:\\\/\\\/afarconstruction.com\\\/wp-content\\\/uploads\\\/2024\\\/01\\\/cropped-Logo-1920-x-1086.png\",\"contentUrl\":\"https:\\\/\\\/afarconstruction.com\\\/wp-content\\\/uploads\\\/2024\\\/01\\\/cropped-Logo-1920-x-1086.png\",\"width\":1630,\"height\":1084,\"caption\":\"AFAR construction\"},\"image\":{\"@id\":\"https:\\\/\\\/afarconstruction.com\\\/#\\\/schema\\\/logo\\\/image\\\/\"}}]}<\/script>\n<!-- \/ Yoast SEO plugin. -->","yoast_head_json":{"title":"Contact - AFAR construction","robots":{"index":"index","follow":"follow","max-snippet":"max-snippet:-1","max-image-preview":"max-image-preview:large","max-video-preview":"max-video-preview:-1"},"canonical":"https:\/\/afarconstruction.com\/index.php\/contact\/","og_locale":"fr_FR","og_type":"article","og_title":"Contact - AFAR construction","og_description":"Demande de devis* *Conditions g\u00e9n\u00e9rales du devis A votre disposition contact@afarconstruction.com 1 rue de Paty &#8211; 33130 B\u00e8gles Secr\u00e9tariat : 06 05 69 14 82 &#8211; Arsen : 07 53 74 55 73 Siret : 98125124200013 &#8211; Code APE : 4391A","og_url":"https:\/\/afarconstruction.com\/index.php\/contact\/","og_site_name":"AFAR construction","article_modified_time":"2024-01-20T11:42:04+00:00","og_image":[{"width":1024,"height":683,"url":"http:\/\/afarconstruction.com\/wp-content\/uploads\/2024\/01\/contact.jpg","type":"image\/jpeg"}],"twitter_card":"summary_large_image","schema":{"@context":"https:\/\/schema.org","@graph":[{"@type":"WebPage","@id":"https:\/\/afarconstruction.com\/index.php\/contact\/","url":"https:\/\/afarconstruction.com\/index.php\/contact\/","name":"Contact - AFAR construction","isPartOf":{"@id":"https:\/\/afarconstruction.com\/#website"},"primaryImageOfPage":{"@id":"https:\/\/afarconstruction.com\/index.php\/contact\/#primaryimage"},"image":{"@id":"https:\/\/afarconstruction.com\/index.php\/contact\/#primaryimage"},"thumbnailUrl":"https:\/\/afarconstruction.com\/wp-content\/uploads\/2024\/01\/contact.jpg","datePublished":"2024-01-17T23:29:17+00:00","dateModified":"2024-01-20T11:42:04+00:00","breadcrumb":{"@id":"https:\/\/afarconstruction.com\/index.php\/contact\/#breadcrumb"},"inLanguage":"fr-FR","potentialAction":[{"@type":"ReadAction","target":["https:\/\/afarconstruction.com\/index.php\/contact\/"]}]},{"@type":"ImageObject","inLanguage":"fr-FR","@id":"https:\/\/afarconstruction.com\/index.php\/contact\/#primaryimage","url":"https:\/\/afarconstruction.com\/wp-content\/uploads\/2024\/01\/contact.jpg","contentUrl":"https:\/\/afarconstruction.com\/wp-content\/uploads\/2024\/01\/contact.jpg","width":1024,"height":683},{"@type":"BreadcrumbList","@id":"https:\/\/afarconstruction.com\/index.php\/contact\/#breadcrumb","itemListElement":[{"@type":"ListItem","position":1,"name":"Home","item":"https:\/\/afarconstruction.com\/"},{"@type":"ListItem","position":2,"name":"Contact"}]},{"@type":"WebSite","@id":"https:\/\/afarconstruction.com\/#website","url":"https:\/\/afarconstruction.com\/","name":"AFAR construction","description":"charpente, ma\u00e7onnerie, menuiserie, bardage, travaux, peinture, b\u00e8gles, bordeaux, artisan, artisanat, batiment,  r\u00e9novation, maison, zinguerie, terrasse, cuisine, am\u00e9nagement, int\u00e9rieur, savoir-faire, devis, home","publisher":{"@id":"https:\/\/afarconstruction.com\/#organization"},"potentialAction":[{"@type":"SearchAction","target":{"@type":"EntryPoint","urlTemplate":"https:\/\/afarconstruction.com\/?s={search_term_string}"},"query-input":{"@type":"PropertyValueSpecification","valueRequired":true,"valueName":"search_term_string"}}],"inLanguage":"fr-FR"},{"@type":"Organization","@id":"https:\/\/afarconstruction.com\/#organization","name":"AFAR construction","url":"https:\/\/afarconstruction.com\/","logo":{"@type":"ImageObject","inLanguage":"fr-FR","@id":"https:\/\/afarconstruction.com\/#\/schema\/logo\/image\/","url":"https:\/\/afarconstruction.com\/wp-content\/uploads\/2024\/01\/cropped-Logo-1920-x-1086.png","contentUrl":"https:\/\/afarconstruction.com\/wp-content\/uploads\/2024\/01\/cropped-Logo-1920-x-1086.png","width":1630,"height":1084,"caption":"AFAR construction"},"image":{"@id":"https:\/\/afarconstruction.com\/#\/schema\/logo\/image\/"}}]}},"_links":{"self":[{"href":"https:\/\/afarconstruction.com\/index.php\/wp-json\/wp\/v2\/pages\/27","targetHints":{"allow":["GET"]}}],"collection":[{"href":"https:\/\/afarconstruction.com\/index.php\/wp-json\/wp\/v2\/pages"}],"about":[{"href":"https:\/\/afarconstruction.com\/index.php\/wp-json\/wp\/v2\/types\/page"}],"author":[{"embeddable":true,"href":"https:\/\/afarconstruction.com\/index.php\/wp-json\/wp\/v2\/users\/1"}],"replies":[{"embeddable":true,"href":"https:\/\/afarconstruction.com\/index.php\/wp-json\/wp\/v2\/comments?post=27"}],"version-history":[{"count":12,"href":"https:\/\/afarconstruction.com\/index.php\/wp-json\/wp\/v2\/pages\/27\/revisions"}],"predecessor-version":[{"id":173,"href":"https:\/\/afarconstruction.com\/index.php\/wp-json\/wp\/v2\/pages\/27\/revisions\/173"}],"wp:featuredmedia":[{"embeddable":true,"href":"https:\/\/afarconstruction.com\/index.php\/wp-json\/wp\/v2\/media\/19"}],"wp:attachment":[{"href":"https:\/\/afarconstruction.com\/index.php\/wp-json\/wp\/v2\/media?parent=27"}],"curies":[{"name":"wp","href":"https:\/\/api.w.org\/{rel}","templated":true}]}}