{"id":94,"date":"2024-01-19T03:29:39","date_gmt":"2024-01-19T02:29:39","guid":{"rendered":"https:\/\/afarconstruction.com\/?page_id=94"},"modified":"2024-01-20T12:38:42","modified_gmt":"2024-01-20T11:38:42","slug":"conditions-generales-du-devis","status":"publish","type":"page","link":"https:\/\/afarconstruction.com\/index.php\/contact\/conditions-generales-du-devis\/","title":{"rendered":"Conditions g\u00e9n\u00e9rales du devis"},"content":{"rendered":"\n<p>Les conditions g\u00e9n\u00e9rales d&rsquo;un devis sont des termes standard qui r\u00e9gissent la relation entre AFAR construction et vous, le client. Ces conditions \u00e9tablissent les r\u00e8gles et les responsabilit\u00e9s de chaque partie tout au long du processus de demande de devis et d&rsquo;ex\u00e9cution des travaux.<\/p>\n\n\n\n<ol class=\"wp-block-list\">\n<li><strong>Validit\u00e9 du Devis :<\/strong>\n<ul class=\"wp-block-list\">\n<li>Le devis qui sera \u00e9tabli suite \u00e0 la demande en ligne est valide pour une p\u00e9riode de <strong>30 <\/strong>jours \u00e0 compter de la date d&rsquo;\u00e9mission.<\/li>\n<\/ul>\n<\/li>\n\n\n\n<li><strong>Modalit\u00e9s de Paiement :<\/strong>\n<ul class=\"wp-block-list\">\n<li>Paiement en virement ou esp\u00e8ce<\/li>\n\n\n\n<li>Un acompte de 10 % est requis pour d\u00e9buter les travaux, et le solde sera d\u00fb \u00e0 la fin du projet.<\/li>\n<\/ul>\n<\/li>\n\n\n\n<li><strong>R\u00e9visions et Modifications :<\/strong>\n<ul class=\"wp-block-list\">\n<li>Toutes r\u00e9visions ou modifications au devis seront trait\u00e9es. Attention, cela peut entra\u00eene des co\u00fbts suppl\u00e9mentaires au clients. Un avenant au devis sera signer.<\/li>\n<\/ul>\n<\/li>\n\n\n\n<li><strong>Responsabilit\u00e9s du Client :<\/strong>\n<ul class=\"wp-block-list\">\n<li>Pendant les travaux, l&rsquo;acc\u00e8s au chantier doit \u00eatre pr\u00e9vue ainsi que la fourniture de l&rsquo;\u00e9lectricit\u00e9,  de l&rsquo;eau et &#8230;&#8230; <\/li>\n<\/ul>\n<\/li>\n\n\n\n<li><strong>Conditions d&rsquo;Annulation :<\/strong>\n<ul class=\"wp-block-list\">\n<li>Les conditions d&rsquo;annulation du contrat, y compris les frais \u00e9ventuels associ\u00e9s seront ecrites sur le contrat de prestation lui m\u00eame, et sign\u00e9es des 2 parties.<\/li>\n<\/ul>\n<\/li>\n\n\n\n<li><strong>D\u00e9lais de R\u00e9alisation :<\/strong>\n<ul class=\"wp-block-list\">\n<li>\u00c9noncez les d\u00e9lais pr\u00e9vus pour la r\u00e9alisation des travaux et les p\u00e9nalit\u00e9s \u00e9ventuelles en cas de retard.<\/li>\n<\/ul>\n<\/li>\n\n\n\n<li><strong>Garanties :<\/strong>\n<ul class=\"wp-block-list\">\n<li>Incluez des informations sur les garanties applicables aux travaux r\u00e9alis\u00e9s, aux mat\u00e9riaux utilis\u00e9s, etc.<\/li>\n<\/ul>\n<\/li>\n\n\n\n<li><strong>Assurances :<\/strong>\n<ul class=\"wp-block-list\">\n<li>Pr\u00e9cisez les assurances souscrites par votre entreprise pour couvrir d&rsquo;\u00e9ventuels dommages.<\/li>\n<\/ul>\n<\/li>\n\n\n\n<li><strong>Force Majeure :<\/strong>\n<ul class=\"wp-block-list\">\n<li>Incluez une clause sur la force majeure pour couvrir des circonstances impr\u00e9vues qui pourraient affecter l&rsquo;ex\u00e9cution du contrat.<\/li>\n<\/ul>\n<\/li>\n\n\n\n<li><strong>R\u00e9solution des Litiges :<\/strong>\n<ul class=\"wp-block-list\">\n<li>Sp\u00e9cifiez la mani\u00e8re dont les litiges seront r\u00e9solus, par exemple, par arbitrage, m\u00e9diation, etc.<\/li>\n<\/ul>\n<\/li>\n\n\n\n<li><strong>Droits de Propri\u00e9t\u00e9 Intellectuelle :<\/strong>\n<ul class=\"wp-block-list\">\n<li>Clarifiez la propri\u00e9t\u00e9 intellectuelle des plans, dessins, conceptions, etc., cr\u00e9\u00e9s pendant le projet.<\/li>\n<\/ul>\n<\/li>\n\n\n\n<li><strong>Clauses L\u00e9gales :<\/strong>\n<ul class=\"wp-block-list\">\n<li>Ajoutez des clauses l\u00e9gales n\u00e9cessaires en fonction des lois et r\u00e9glementations locales.<\/li>\n<\/ul>\n<\/li>\n<\/ol>\n","protected":false},"excerpt":{"rendered":"<p>Les conditions g\u00e9n\u00e9rales d&rsquo;un devis sont des termes standard qui r\u00e9gissent la relation entre AFAR construction et vous, le client. Ces conditions \u00e9tablissent les r\u00e8gles et les responsabilit\u00e9s de chaque partie tout au long du processus de demande de devis et d&rsquo;ex\u00e9cution des travaux.<\/p>\n","protected":false},"author":1,"featured_media":0,"parent":27,"menu_order":3,"comment_status":"closed","ping_status":"closed","template":"","meta":{"footnotes":""},"class_list":["post-94","page","type-page","status-publish","hentry"],"yoast_head":"<!-- This site is optimized with the Yoast SEO plugin v27.4 - https:\/\/yoast.com\/product\/yoast-seo-wordpress\/ -->\n<title>Conditions g\u00e9n\u00e9rales du devis - AFAR construction<\/title>\n<meta name=\"robots\" content=\"index, follow, max-snippet:-1, max-image-preview:large, max-video-preview:-1\" \/>\n<link rel=\"canonical\" href=\"https:\/\/afarconstruction.com\/index.php\/contact\/conditions-generales-du-devis\/\" \/>\n<meta property=\"og:locale\" content=\"fr_FR\" \/>\n<meta property=\"og:type\" content=\"article\" \/>\n<meta property=\"og:title\" content=\"Conditions g\u00e9n\u00e9rales du devis - AFAR construction\" \/>\n<meta property=\"og:description\" content=\"Les conditions g\u00e9n\u00e9rales d&rsquo;un devis sont des termes standard qui r\u00e9gissent la relation entre AFAR construction et vous, le client. Ces conditions \u00e9tablissent les r\u00e8gles et les responsabilit\u00e9s de chaque partie tout au long du processus de demande de devis et d&rsquo;ex\u00e9cution des travaux.\" \/>\n<meta property=\"og:url\" content=\"https:\/\/afarconstruction.com\/index.php\/contact\/conditions-generales-du-devis\/\" \/>\n<meta property=\"og:site_name\" content=\"AFAR construction\" \/>\n<meta property=\"article:modified_time\" content=\"2024-01-20T11:38:42+00:00\" \/>\n<meta name=\"twitter:card\" content=\"summary_large_image\" \/>\n<meta name=\"twitter:label1\" content=\"Dur\u00e9e de lecture estim\u00e9e\" \/>\n\t<meta name=\"twitter:data1\" content=\"2 minutes\" \/>\n<script type=\"application\/ld+json\" class=\"yoast-schema-graph\">{\"@context\":\"https:\\\/\\\/schema.org\",\"@graph\":[{\"@type\":\"WebPage\",\"@id\":\"https:\\\/\\\/afarconstruction.com\\\/index.php\\\/contact\\\/conditions-generales-du-devis\\\/\",\"url\":\"https:\\\/\\\/afarconstruction.com\\\/index.php\\\/contact\\\/conditions-generales-du-devis\\\/\",\"name\":\"Conditions g\u00e9n\u00e9rales du devis - AFAR construction\",\"isPartOf\":{\"@id\":\"https:\\\/\\\/afarconstruction.com\\\/#website\"},\"datePublished\":\"2024-01-19T02:29:39+00:00\",\"dateModified\":\"2024-01-20T11:38:42+00:00\",\"breadcrumb\":{\"@id\":\"https:\\\/\\\/afarconstruction.com\\\/index.php\\\/contact\\\/conditions-generales-du-devis\\\/#breadcrumb\"},\"inLanguage\":\"fr-FR\",\"potentialAction\":[{\"@type\":\"ReadAction\",\"target\":[\"https:\\\/\\\/afarconstruction.com\\\/index.php\\\/contact\\\/conditions-generales-du-devis\\\/\"]}]},{\"@type\":\"BreadcrumbList\",\"@id\":\"https:\\\/\\\/afarconstruction.com\\\/index.php\\\/contact\\\/conditions-generales-du-devis\\\/#breadcrumb\",\"itemListElement\":[{\"@type\":\"ListItem\",\"position\":1,\"name\":\"Home\",\"item\":\"https:\\\/\\\/afarconstruction.com\\\/\"},{\"@type\":\"ListItem\",\"position\":2,\"name\":\"Contact\",\"item\":\"https:\\\/\\\/afarconstruction.com\\\/index.php\\\/contact\\\/\"},{\"@type\":\"ListItem\",\"position\":3,\"name\":\"Conditions g\u00e9n\u00e9rales du devis\"}]},{\"@type\":\"WebSite\",\"@id\":\"https:\\\/\\\/afarconstruction.com\\\/#website\",\"url\":\"https:\\\/\\\/afarconstruction.com\\\/\",\"name\":\"AFAR construction\",\"description\":\"charpente, ma\u00e7onnerie, menuiserie, bardage, travaux, peinture, b\u00e8gles, bordeaux, artisan, artisanat, batiment,  r\u00e9novation, maison, zinguerie, terrasse, cuisine, am\u00e9nagement, int\u00e9rieur, savoir-faire, devis, home\",\"publisher\":{\"@id\":\"https:\\\/\\\/afarconstruction.com\\\/#organization\"},\"potentialAction\":[{\"@type\":\"SearchAction\",\"target\":{\"@type\":\"EntryPoint\",\"urlTemplate\":\"https:\\\/\\\/afarconstruction.com\\\/?s={search_term_string}\"},\"query-input\":{\"@type\":\"PropertyValueSpecification\",\"valueRequired\":true,\"valueName\":\"search_term_string\"}}],\"inLanguage\":\"fr-FR\"},{\"@type\":\"Organization\",\"@id\":\"https:\\\/\\\/afarconstruction.com\\\/#organization\",\"name\":\"AFAR construction\",\"url\":\"https:\\\/\\\/afarconstruction.com\\\/\",\"logo\":{\"@type\":\"ImageObject\",\"inLanguage\":\"fr-FR\",\"@id\":\"https:\\\/\\\/afarconstruction.com\\\/#\\\/schema\\\/logo\\\/image\\\/\",\"url\":\"https:\\\/\\\/afarconstruction.com\\\/wp-content\\\/uploads\\\/2024\\\/01\\\/cropped-Logo-1920-x-1086.png\",\"contentUrl\":\"https:\\\/\\\/afarconstruction.com\\\/wp-content\\\/uploads\\\/2024\\\/01\\\/cropped-Logo-1920-x-1086.png\",\"width\":1630,\"height\":1084,\"caption\":\"AFAR construction\"},\"image\":{\"@id\":\"https:\\\/\\\/afarconstruction.com\\\/#\\\/schema\\\/logo\\\/image\\\/\"}}]}<\/script>\n<!-- \/ Yoast SEO plugin. -->","yoast_head_json":{"title":"Conditions g\u00e9n\u00e9rales du devis - AFAR construction","robots":{"index":"index","follow":"follow","max-snippet":"max-snippet:-1","max-image-preview":"max-image-preview:large","max-video-preview":"max-video-preview:-1"},"canonical":"https:\/\/afarconstruction.com\/index.php\/contact\/conditions-generales-du-devis\/","og_locale":"fr_FR","og_type":"article","og_title":"Conditions g\u00e9n\u00e9rales du devis - AFAR construction","og_description":"Les conditions g\u00e9n\u00e9rales d&rsquo;un devis sont des termes standard qui r\u00e9gissent la relation entre AFAR construction et vous, le client. Ces conditions \u00e9tablissent les r\u00e8gles et les responsabilit\u00e9s de chaque partie tout au long du processus de demande de devis et d&rsquo;ex\u00e9cution des travaux.","og_url":"https:\/\/afarconstruction.com\/index.php\/contact\/conditions-generales-du-devis\/","og_site_name":"AFAR construction","article_modified_time":"2024-01-20T11:38:42+00:00","twitter_card":"summary_large_image","twitter_misc":{"Dur\u00e9e de lecture estim\u00e9e":"2 minutes"},"schema":{"@context":"https:\/\/schema.org","@graph":[{"@type":"WebPage","@id":"https:\/\/afarconstruction.com\/index.php\/contact\/conditions-generales-du-devis\/","url":"https:\/\/afarconstruction.com\/index.php\/contact\/conditions-generales-du-devis\/","name":"Conditions g\u00e9n\u00e9rales du devis - AFAR construction","isPartOf":{"@id":"https:\/\/afarconstruction.com\/#website"},"datePublished":"2024-01-19T02:29:39+00:00","dateModified":"2024-01-20T11:38:42+00:00","breadcrumb":{"@id":"https:\/\/afarconstruction.com\/index.php\/contact\/conditions-generales-du-devis\/#breadcrumb"},"inLanguage":"fr-FR","potentialAction":[{"@type":"ReadAction","target":["https:\/\/afarconstruction.com\/index.php\/contact\/conditions-generales-du-devis\/"]}]},{"@type":"BreadcrumbList","@id":"https:\/\/afarconstruction.com\/index.php\/contact\/conditions-generales-du-devis\/#breadcrumb","itemListElement":[{"@type":"ListItem","position":1,"name":"Home","item":"https:\/\/afarconstruction.com\/"},{"@type":"ListItem","position":2,"name":"Contact","item":"https:\/\/afarconstruction.com\/index.php\/contact\/"},{"@type":"ListItem","position":3,"name":"Conditions g\u00e9n\u00e9rales du devis"}]},{"@type":"WebSite","@id":"https:\/\/afarconstruction.com\/#website","url":"https:\/\/afarconstruction.com\/","name":"AFAR construction","description":"charpente, ma\u00e7onnerie, menuiserie, bardage, travaux, peinture, b\u00e8gles, bordeaux, artisan, artisanat, batiment,  r\u00e9novation, maison, zinguerie, terrasse, cuisine, am\u00e9nagement, int\u00e9rieur, savoir-faire, devis, home","publisher":{"@id":"https:\/\/afarconstruction.com\/#organization"},"potentialAction":[{"@type":"SearchAction","target":{"@type":"EntryPoint","urlTemplate":"https:\/\/afarconstruction.com\/?s={search_term_string}"},"query-input":{"@type":"PropertyValueSpecification","valueRequired":true,"valueName":"search_term_string"}}],"inLanguage":"fr-FR"},{"@type":"Organization","@id":"https:\/\/afarconstruction.com\/#organization","name":"AFAR construction","url":"https:\/\/afarconstruction.com\/","logo":{"@type":"ImageObject","inLanguage":"fr-FR","@id":"https:\/\/afarconstruction.com\/#\/schema\/logo\/image\/","url":"https:\/\/afarconstruction.com\/wp-content\/uploads\/2024\/01\/cropped-Logo-1920-x-1086.png","contentUrl":"https:\/\/afarconstruction.com\/wp-content\/uploads\/2024\/01\/cropped-Logo-1920-x-1086.png","width":1630,"height":1084,"caption":"AFAR construction"},"image":{"@id":"https:\/\/afarconstruction.com\/#\/schema\/logo\/image\/"}}]}},"_links":{"self":[{"href":"https:\/\/afarconstruction.com\/index.php\/wp-json\/wp\/v2\/pages\/94","targetHints":{"allow":["GET"]}}],"collection":[{"href":"https:\/\/afarconstruction.com\/index.php\/wp-json\/wp\/v2\/pages"}],"about":[{"href":"https:\/\/afarconstruction.com\/index.php\/wp-json\/wp\/v2\/types\/page"}],"author":[{"embeddable":true,"href":"https:\/\/afarconstruction.com\/index.php\/wp-json\/wp\/v2\/users\/1"}],"replies":[{"embeddable":true,"href":"https:\/\/afarconstruction.com\/index.php\/wp-json\/wp\/v2\/comments?post=94"}],"version-history":[{"count":2,"href":"https:\/\/afarconstruction.com\/index.php\/wp-json\/wp\/v2\/pages\/94\/revisions"}],"predecessor-version":[{"id":170,"href":"https:\/\/afarconstruction.com\/index.php\/wp-json\/wp\/v2\/pages\/94\/revisions\/170"}],"up":[{"embeddable":true,"href":"https:\/\/afarconstruction.com\/index.php\/wp-json\/wp\/v2\/pages\/27"}],"wp:attachment":[{"href":"https:\/\/afarconstruction.com\/index.php\/wp-json\/wp\/v2\/media?parent=94"}],"curies":[{"name":"wp","href":"https:\/\/api.w.org\/{rel}","templated":true}]}}